{"id":4148,"date":"2024-10-18T11:02:14","date_gmt":"2024-10-18T11:02:14","guid":{"rendered":"https:\/\/plaisir-vert.be\/terms-of-use\/"},"modified":"2024-11-13T08:25:26","modified_gmt":"2024-11-13T08:25:26","slug":"terms-of-use","status":"publish","type":"page","link":"https:\/\/plaisir-vert.be\/en\/terms-of-use\/","title":{"rendered":"Terms of use"},"content":{"rendered":"\t\t<div data-elementor-type=\"wp-page\" data-elementor-id=\"4148\" class=\"elementor elementor-4148 elementor-3507\" data-elementor-post-type=\"page\">\n\t\t\t\t<div class=\"elementor-element elementor-element-16e7ec4c e-flex e-con-boxed e-con e-parent\" data-id=\"16e7ec4c\" data-element_type=\"container\" data-e-type=\"container\" data-settings=\"{&quot;jet_parallax_layout_list&quot;:[]}\">\n\t\t\t\t\t<div class=\"e-con-inner\">\n\t\t\t\t<div class=\"elementor-element elementor-element-1dfaaa5 elementor-widget elementor-widget-text-editor\" data-id=\"1dfaaa5\" data-element_type=\"widget\" data-e-type=\"widget\" data-widget_type=\"text-editor.default\">\n\t\t\t\t<div class=\"elementor-widget-container\">\n\t\t\t\t\t\t\t\t\t<p class=\"whitespace-pre-wrap break-words\"><strong>1. Informations l\u00e9gales<\/strong><\/p>\r\n<p class=\"whitespace-pre-wrap break-words\">Le site web plaisir-vert.be (le &#8220;Site&#8221;) est \u00e9dit\u00e9 par :<\/p>\r\n<p class=\"whitespace-pre-wrap break-words\">Plaisir Vert srl\r\nAv. Georges Lecointe 50 \u00e0 1180 Uccle &#8211; Belgique\r\nE-mail : <a href=\"mailto:info@plaisir-vert.be\">info@plaisir-vert.be<\/a>\r\nNum\u00e9ro d&#8217;entreprise \/ TVA : BE0765370580<\/p>\r\n<p class=\"whitespace-pre-wrap break-words\">Responsable de la publication : Jovelyn Lecomte<\/p>\r\n<p class=\"whitespace-pre-wrap break-words\"><strong>2. H\u00e9bergement<\/strong><\/p>\r\n<p class=\"whitespace-pre-wrap break-words\">Le Site est h\u00e9berg\u00e9 par : Hostinger International Ltd. 61 Lordou Vironos Street 6023 Larnaca, Chypre Site web : <a href=\"http:\/\/www.hostinger.com\">www.hostinger.com<\/a><\/p>\r\n<p class=\"whitespace-pre-wrap break-words\"><strong>3. Propri\u00e9t\u00e9 intellectuelle<\/strong><\/p>\r\n<p class=\"whitespace-pre-wrap break-words\">L&#8217;ensemble du contenu du Site (textes, images, vid\u00e9os, etc.) est prot\u00e9g\u00e9 par les lois belges et internationales relatives \u00e0 la propri\u00e9t\u00e9 intellectuelle. Tous les droits de reproduction sont r\u00e9serv\u00e9s, y compris pour les documents t\u00e9l\u00e9chargeables et les repr\u00e9sentations iconographiques et photographiques. La reproduction de tout ou partie de ce Site sur un support \u00e9lectronique ou autre est formellement interdite sauf autorisation expresse de Plaisir Vert.<\/p>\r\n<p class=\"whitespace-pre-wrap break-words\"><strong>4. Protection des donn\u00e9es personnelles<\/strong><\/p>\r\n<p class=\"whitespace-pre-wrap break-words\">Les informations recueillies sur ce Site sont trait\u00e9es conform\u00e9ment \u00e0 notre Politique de Confidentialit\u00e9, accessible sur notre Site. Conform\u00e9ment au R\u00e8glement G\u00e9n\u00e9ral sur la Protection des Donn\u00e9es (RGPD) et \u00e0 la loi belge du 30 juillet 2018 relative \u00e0 la protection des personnes physiques \u00e0 l&#8217;\u00e9gard des traitements de donn\u00e9es \u00e0 caract\u00e8re personnel, vous disposez d&#8217;un droit d&#8217;acc\u00e8s, de rectification, d&#8217;effacement, et de portabilit\u00e9 de vos donn\u00e9es personnelles, ainsi que d&#8217;un droit d&#8217;opposition et de limitation du traitement vous concernant. Pour exercer ces droits, vous pouvez nous contacter \u00e0 l&#8217;adresse suivante : <a href=\"mailto:info@plaisir-vert.be\">info@plaisir-vert.be<\/a><\/p>\r\n<p class=\"whitespace-pre-wrap break-words\"><strong>5. Cookies<\/strong><\/p>\r\n<p class=\"whitespace-pre-wrap break-words\">Le Site peut utiliser des cookies. Pour plus d&#8217;informations sur l&#8217;utilisation des cookies, veuillez consulter notre Politique de Cookies accessible sur notre Site.<\/p>\r\n<p class=\"whitespace-pre-wrap break-words\"><strong>6. Liens hypertextes<\/strong><\/p>\r\n<p class=\"whitespace-pre-wrap break-words\">Le Site peut contenir des liens hypertextes vers d&#8217;autres sites internet. Plaisir Vert n&#8217;exerce aucun contr\u00f4le sur ces sites et d\u00e9cline toute responsabilit\u00e9 quant \u00e0 leur contenu.<\/p>\r\n<p class=\"whitespace-pre-wrap break-words\"><strong>7. Droit applicable et juridiction comp\u00e9tente<\/strong><\/p>\r\n<p class=\"whitespace-pre-wrap break-words\">Les pr\u00e9sentes mentions l\u00e9gales sont soumises au droit belge. En cas de litige, les tribunaux de Bruxelles seront seuls comp\u00e9tents.<\/p>\r\n<p class=\"whitespace-pre-wrap break-words\"><em>Date de la derni\u00e8re mise \u00e0 jour : 18\/10\/2024<\/em><\/p>\t\t\t\t\t\t\t\t<\/div>\n\t\t\t\t<\/div>\n\t\t\t\t\t<\/div>\n\t\t\t\t<\/div>\n\t\t\t\t<\/div>\n\t\t","protected":false},"excerpt":{"rendered":"<p>1. Informations l\u00e9gales Le site web plaisir-vert.be (le &#8220;Site&#8221;) est \u00e9dit\u00e9 par : Plaisir Vert srl Av. Georges Lecointe 50 \u00e0 1180 Uccle &#8211; Belgique E-mail : info@plaisir-vert.be Num\u00e9ro d&#8217;entreprise \/ TVA : BE0765370580 Responsable de la publication : Jovelyn Lecomte 2. H\u00e9bergement Le Site est h\u00e9berg\u00e9 par : Hostinger International Ltd. 61 Lordou Vironos [&hellip;]<\/p>\n","protected":false},"author":1,"featured_media":0,"parent":0,"menu_order":0,"comment_status":"closed","ping_status":"closed","template":"","meta":{"footnotes":""},"class_list":["post-4148","page","type-page","status-publish","hentry"],"yoast_head":"<!-- This site is optimized with the Yoast SEO Premium plugin v23.6 (Yoast SEO v27.1.1) - https:\/\/yoast.com\/product\/yoast-seo-premium-wordpress\/ -->\n<title>Terms of use - Plaisir Vert<\/title>\n<meta name=\"robots\" content=\"index, follow, max-snippet:-1, max-image-preview:large, max-video-preview:-1\" \/>\n<link rel=\"canonical\" href=\"https:\/\/plaisir-vert.be\/en\/terms-of-use\/\" \/>\n<meta property=\"og:locale\" content=\"en_US\" \/>\n<meta property=\"og:type\" content=\"article\" \/>\n<meta property=\"og:title\" content=\"Terms of use\" \/>\n<meta property=\"og:description\" content=\"1. Informations l\u00e9gales Le site web plaisir-vert.be (le &#8220;Site&#8221;) est \u00e9dit\u00e9 par : Plaisir Vert srl Av. Georges Lecointe 50 \u00e0 1180 Uccle &#8211; Belgique E-mail : info@plaisir-vert.be Num\u00e9ro d&#8217;entreprise \/ TVA : BE0765370580 Responsable de la publication : Jovelyn Lecomte 2. H\u00e9bergement Le Site est h\u00e9berg\u00e9 par : Hostinger International Ltd. 61 Lordou Vironos [&hellip;]\" \/>\n<meta property=\"og:url\" content=\"https:\/\/plaisir-vert.be\/en\/terms-of-use\/\" \/>\n<meta property=\"og:site_name\" content=\"Plaisir Vert\" \/>\n<meta property=\"article:publisher\" content=\"https:\/\/www.facebook.com\/plaisirvert\" \/>\n<meta property=\"article:modified_time\" content=\"2024-11-13T08:25:26+00:00\" \/>\n<meta property=\"og:image\" content=\"https:\/\/plaisir-vert.be\/wp-content\/uploads\/2024\/10\/logo-titre-2024-1.png\" \/>\n\t<meta property=\"og:image:width\" content=\"131\" \/>\n\t<meta property=\"og:image:height\" content=\"42\" \/>\n\t<meta property=\"og:image:type\" content=\"image\/png\" \/>\n<meta name=\"twitter:card\" content=\"summary_large_image\" \/>\n<meta name=\"twitter:label1\" content=\"Est. reading time\" \/>\n\t<meta name=\"twitter:data1\" content=\"2 minutes\" \/>\n<script type=\"application\/ld+json\" class=\"yoast-schema-graph\">{\"@context\":\"https:\/\/schema.org\",\"@graph\":[{\"@type\":\"WebPage\",\"@id\":\"https:\/\/plaisir-vert.be\/en\/terms-of-use\/\",\"url\":\"https:\/\/plaisir-vert.be\/en\/terms-of-use\/\",\"name\":\"Terms of use - Plaisir Vert\",\"isPartOf\":{\"@id\":\"https:\/\/plaisir-vert.be\/en\/#website\"},\"datePublished\":\"2024-10-18T11:02:14+00:00\",\"dateModified\":\"2024-11-13T08:25:26+00:00\",\"breadcrumb\":{\"@id\":\"https:\/\/plaisir-vert.be\/en\/terms-of-use\/#breadcrumb\"},\"inLanguage\":\"en-US\",\"potentialAction\":[{\"@type\":\"ReadAction\",\"target\":[\"https:\/\/plaisir-vert.be\/en\/terms-of-use\/\"]}]},{\"@type\":\"BreadcrumbList\",\"@id\":\"https:\/\/plaisir-vert.be\/en\/terms-of-use\/#breadcrumb\",\"itemListElement\":[{\"@type\":\"ListItem\",\"position\":1,\"name\":\"Home\",\"item\":\"https:\/\/plaisir-vert.be\/en\/\"},{\"@type\":\"ListItem\",\"position\":2,\"name\":\"Terms of use\"}]},{\"@type\":\"WebSite\",\"@id\":\"https:\/\/plaisir-vert.be\/en\/#website\",\"url\":\"https:\/\/plaisir-vert.be\/en\/\",\"name\":\"Plaisir Vert\",\"description\":\"vos jardiniers paysagiste\",\"publisher\":{\"@id\":\"https:\/\/plaisir-vert.be\/en\/#organization\"},\"potentialAction\":[{\"@type\":\"SearchAction\",\"target\":{\"@type\":\"EntryPoint\",\"urlTemplate\":\"https:\/\/plaisir-vert.be\/en\/?s={search_term_string}\"},\"query-input\":{\"@type\":\"PropertyValueSpecification\",\"valueRequired\":true,\"valueName\":\"search_term_string\"}}],\"inLanguage\":\"en-US\"},{\"@type\":[\"Organization\",\"Place\"],\"@id\":\"https:\/\/plaisir-vert.be\/en\/#organization\",\"name\":\"Plaisir Vert\",\"alternateName\":\"Plaisir Vert\",\"url\":\"https:\/\/plaisir-vert.be\/en\/\",\"logo\":{\"@id\":\"https:\/\/plaisir-vert.be\/en\/terms-of-use\/#local-main-organization-logo\"},\"image\":{\"@id\":\"https:\/\/plaisir-vert.be\/en\/terms-of-use\/#local-main-organization-logo\"},\"sameAs\":[\"https:\/\/www.facebook.com\/plaisirvert\"],\"description\":\"Amenagez un jardin durable et vivant avec nos jardiniers planteurs\",\"address\":{\"@id\":\"https:\/\/plaisir-vert.be\/en\/terms-of-use\/#local-main-place-address\"},\"telephone\":[\"+320485001321\"],\"contactPoint\":{\"@type\":\"ContactPoint\",\"telephone\":\"+320485001321\",\"email\":\"info@plaisir-vert.be\"},\"openingHoursSpecification\":[{\"@type\":\"OpeningHoursSpecification\",\"dayOfWeek\":[\"Monday\",\"Tuesday\",\"Wednesday\",\"Thursday\",\"Friday\",\"Saturday\",\"Sunday\"],\"opens\":\"09:00\",\"closes\":\"17:00\"}],\"email\":\"info@plaisir-vert.be\",\"areaServed\":\"Bruxelles et Wallonie\",\"vatID\":\"BE0765370580\"},{\"@type\":\"PostalAddress\",\"@id\":\"https:\/\/plaisir-vert.be\/en\/terms-of-use\/#local-main-place-address\",\"streetAddress\":\"Av. Georges Lecointe 50\",\"addressLocality\":\"Bruxelles\",\"postalCode\":\"1180\",\"addressRegion\":\"Uccle\",\"addressCountry\":\"BE\"},{\"@type\":\"ImageObject\",\"inLanguage\":\"en-US\",\"@id\":\"https:\/\/plaisir-vert.be\/en\/terms-of-use\/#local-main-organization-logo\",\"url\":\"https:\/\/plaisir-vert.be\/wp-content\/uploads\/2024\/09\/logoPV_2015-copie-11.png\",\"contentUrl\":\"https:\/\/plaisir-vert.be\/wp-content\/uploads\/2024\/09\/logoPV_2015-copie-11.png\",\"width\":336,\"height\":108,\"caption\":\"Plaisir Vert\"}]}<\/script>\n<meta name=\"geo.placename\" content=\"Bruxelles\" \/>\n<meta name=\"geo.region\" content=\"Belgium\" \/>\n<!-- \/ Yoast SEO Premium plugin. -->","yoast_head_json":{"title":"Terms of use - Plaisir Vert","robots":{"index":"index","follow":"follow","max-snippet":"max-snippet:-1","max-image-preview":"max-image-preview:large","max-video-preview":"max-video-preview:-1"},"canonical":"https:\/\/plaisir-vert.be\/en\/terms-of-use\/","og_locale":"en_US","og_type":"article","og_title":"Terms of use","og_description":"1. Informations l\u00e9gales Le site web plaisir-vert.be (le &#8220;Site&#8221;) est \u00e9dit\u00e9 par : Plaisir Vert srl Av. Georges Lecointe 50 \u00e0 1180 Uccle &#8211; Belgique E-mail : info@plaisir-vert.be Num\u00e9ro d&#8217;entreprise \/ TVA : BE0765370580 Responsable de la publication : Jovelyn Lecomte 2. H\u00e9bergement Le Site est h\u00e9berg\u00e9 par : Hostinger International Ltd. 61 Lordou Vironos [&hellip;]","og_url":"https:\/\/plaisir-vert.be\/en\/terms-of-use\/","og_site_name":"Plaisir Vert","article_publisher":"https:\/\/www.facebook.com\/plaisirvert","article_modified_time":"2024-11-13T08:25:26+00:00","og_image":[{"width":131,"height":42,"url":"https:\/\/plaisir-vert.be\/wp-content\/uploads\/2024\/10\/logo-titre-2024-1.png","type":"image\/png"}],"twitter_card":"summary_large_image","twitter_misc":{"Est. reading time":"2 minutes"},"schema":{"@context":"https:\/\/schema.org","@graph":[{"@type":"WebPage","@id":"https:\/\/plaisir-vert.be\/en\/terms-of-use\/","url":"https:\/\/plaisir-vert.be\/en\/terms-of-use\/","name":"Terms of use - Plaisir Vert","isPartOf":{"@id":"https:\/\/plaisir-vert.be\/en\/#website"},"datePublished":"2024-10-18T11:02:14+00:00","dateModified":"2024-11-13T08:25:26+00:00","breadcrumb":{"@id":"https:\/\/plaisir-vert.be\/en\/terms-of-use\/#breadcrumb"},"inLanguage":"en-US","potentialAction":[{"@type":"ReadAction","target":["https:\/\/plaisir-vert.be\/en\/terms-of-use\/"]}]},{"@type":"BreadcrumbList","@id":"https:\/\/plaisir-vert.be\/en\/terms-of-use\/#breadcrumb","itemListElement":[{"@type":"ListItem","position":1,"name":"Home","item":"https:\/\/plaisir-vert.be\/en\/"},{"@type":"ListItem","position":2,"name":"Terms of use"}]},{"@type":"WebSite","@id":"https:\/\/plaisir-vert.be\/en\/#website","url":"https:\/\/plaisir-vert.be\/en\/","name":"Plaisir Vert","description":"vos jardiniers paysagiste","publisher":{"@id":"https:\/\/plaisir-vert.be\/en\/#organization"},"potentialAction":[{"@type":"SearchAction","target":{"@type":"EntryPoint","urlTemplate":"https:\/\/plaisir-vert.be\/en\/?s={search_term_string}"},"query-input":{"@type":"PropertyValueSpecification","valueRequired":true,"valueName":"search_term_string"}}],"inLanguage":"en-US"},{"@type":["Organization","Place"],"@id":"https:\/\/plaisir-vert.be\/en\/#organization","name":"Plaisir Vert","alternateName":"Plaisir Vert","url":"https:\/\/plaisir-vert.be\/en\/","logo":{"@id":"https:\/\/plaisir-vert.be\/en\/terms-of-use\/#local-main-organization-logo"},"image":{"@id":"https:\/\/plaisir-vert.be\/en\/terms-of-use\/#local-main-organization-logo"},"sameAs":["https:\/\/www.facebook.com\/plaisirvert"],"description":"Amenagez un jardin durable et vivant avec nos jardiniers planteurs","address":{"@id":"https:\/\/plaisir-vert.be\/en\/terms-of-use\/#local-main-place-address"},"telephone":["+320485001321"],"contactPoint":{"@type":"ContactPoint","telephone":"+320485001321","email":"info@plaisir-vert.be"},"openingHoursSpecification":[{"@type":"OpeningHoursSpecification","dayOfWeek":["Monday","Tuesday","Wednesday","Thursday","Friday","Saturday","Sunday"],"opens":"09:00","closes":"17:00"}],"email":"info@plaisir-vert.be","areaServed":"Bruxelles et Wallonie","vatID":"BE0765370580"},{"@type":"PostalAddress","@id":"https:\/\/plaisir-vert.be\/en\/terms-of-use\/#local-main-place-address","streetAddress":"Av. Georges Lecointe 50","addressLocality":"Bruxelles","postalCode":"1180","addressRegion":"Uccle","addressCountry":"BE"},{"@type":"ImageObject","inLanguage":"en-US","@id":"https:\/\/plaisir-vert.be\/en\/terms-of-use\/#local-main-organization-logo","url":"https:\/\/plaisir-vert.be\/wp-content\/uploads\/2024\/09\/logoPV_2015-copie-11.png","contentUrl":"https:\/\/plaisir-vert.be\/wp-content\/uploads\/2024\/09\/logoPV_2015-copie-11.png","width":336,"height":108,"caption":"Plaisir Vert"}]},"geo.placename":"Bruxelles","geo.region":"Belgium"},"_links":{"self":[{"href":"https:\/\/plaisir-vert.be\/en\/wp-json\/wp\/v2\/pages\/4148","targetHints":{"allow":["GET"]}}],"collection":[{"href":"https:\/\/plaisir-vert.be\/en\/wp-json\/wp\/v2\/pages"}],"about":[{"href":"https:\/\/plaisir-vert.be\/en\/wp-json\/wp\/v2\/types\/page"}],"author":[{"embeddable":true,"href":"https:\/\/plaisir-vert.be\/en\/wp-json\/wp\/v2\/users\/1"}],"replies":[{"embeddable":true,"href":"https:\/\/plaisir-vert.be\/en\/wp-json\/wp\/v2\/comments?post=4148"}],"version-history":[{"count":2,"href":"https:\/\/plaisir-vert.be\/en\/wp-json\/wp\/v2\/pages\/4148\/revisions"}],"predecessor-version":[{"id":5316,"href":"https:\/\/plaisir-vert.be\/en\/wp-json\/wp\/v2\/pages\/4148\/revisions\/5316"}],"wp:attachment":[{"href":"https:\/\/plaisir-vert.be\/en\/wp-json\/wp\/v2\/media?parent=4148"}],"curies":[{"name":"wp","href":"https:\/\/api.w.org\/{rel}","templated":true}]}}