{"id":4154,"date":"2024-10-18T11:00:31","date_gmt":"2024-10-18T11:00:31","guid":{"rendered":"https:\/\/plaisir-vert.be\/privacy-policy\/"},"modified":"2024-11-13T08:24:54","modified_gmt":"2024-11-13T08:24:54","slug":"privacy-policy","status":"publish","type":"page","link":"https:\/\/plaisir-vert.be\/en\/privacy-policy\/","title":{"rendered":"Privacy policy"},"content":{"rendered":"\t\t<div data-elementor-type=\"wp-page\" data-elementor-id=\"4154\" class=\"elementor elementor-4154 elementor-3505\" data-elementor-post-type=\"page\">\n\t\t\t\t<div class=\"elementor-element elementor-element-1ed66afe e-flex e-con-boxed e-con e-parent\" data-id=\"1ed66afe\" data-element_type=\"container\" data-e-type=\"container\" data-settings=\"{&quot;jet_parallax_layout_list&quot;:[]}\">\n\t\t\t\t\t<div class=\"e-con-inner\">\n\t\t\t\t<div class=\"elementor-element elementor-element-2ec8e0ad elementor-widget elementor-widget-text-editor\" data-id=\"2ec8e0ad\" data-element_type=\"widget\" data-e-type=\"widget\" data-widget_type=\"text-editor.default\">\n\t\t\t\t<div class=\"elementor-widget-container\">\n\t\t\t\t\t\t\t\t\t<p class=\"whitespace-pre-wrap break-words\"><strong>1. Introduction<\/strong><\/p>\r\n<p class=\"whitespace-pre-wrap break-words\">Chez Plaisir Vert srl, nous accordons une grande importance \u00e0 la protection de vos donn\u00e9es personnelles. Cette politique de confidentialit\u00e9 explique comment nous collectons, utilisons, partageons et prot\u00e9geons vos informations personnelles conform\u00e9ment au R\u00e8glement G\u00e9n\u00e9ral sur la Protection des Donn\u00e9es (RGPD) et aux lois belges applicables.<\/p>\r\n<p class=\"whitespace-pre-wrap break-words\"><strong>2. Collecte des donn\u00e9es personnelles<\/strong><\/p>\r\n<p class=\"whitespace-pre-wrap break-words\">Nous collectons les donn\u00e9es personnelles que vous nous fournissez directement, telles que :<\/p>\r\n\r\n<ul class=\"-mt-1 list-disc space-y-2 pl-8\">\r\n \t<li class=\"whitespace-normal break-words\">Nom et pr\u00e9nom<\/li>\r\n \t<li class=\"whitespace-normal break-words\">Adresse e-mail<\/li>\r\n \t<li class=\"whitespace-normal break-words\">Num\u00e9ro de t\u00e9l\u00e9phone<\/li>\r\n \t<li class=\"whitespace-normal break-words\">Adresse postale<\/li>\r\n \t<li class=\"whitespace-normal break-words\">Toute autre information que vous choisissez de nous communiquer<\/li>\r\n<\/ul>\r\n<p class=\"whitespace-pre-wrap break-words\"><strong>3. Utilisation des donn\u00e9es personnelles<\/strong><\/p>\r\n<p class=\"whitespace-pre-wrap break-words\">Nous utilisons vos donn\u00e9es personnelles aux fins suivantes :<\/p>\r\n\r\n<ul class=\"-mt-1 list-disc space-y-2 pl-8\">\r\n \t<li class=\"whitespace-normal break-words\">Fournir nos services<\/li>\r\n \t<li class=\"whitespace-normal break-words\">R\u00e9pondre \u00e0 vos demandes et questions<\/li>\r\n \t<li class=\"whitespace-normal break-words\">Vous envoyer des informations sur nos services (avec votre consentement)<\/li>\r\n \t<li class=\"whitespace-normal break-words\">Am\u00e9liorer nos services et notre site web<\/li>\r\n \t<li class=\"whitespace-normal break-words\">Respecter nos obligations l\u00e9gales et r\u00e9glementaires<\/li>\r\n<\/ul>\r\n<p class=\"whitespace-pre-wrap break-words\"><strong>4. Base juridique du traitement<\/strong><\/p>\r\n<p class=\"whitespace-pre-wrap break-words\">Nous traitons vos donn\u00e9es personnelles sur la base de :<\/p>\r\n\r\n<ul class=\"-mt-1 list-disc space-y-2 pl-8\">\r\n \t<li class=\"whitespace-normal break-words\">Votre consentement<\/li>\r\n \t<li class=\"whitespace-normal break-words\">L&#8217;ex\u00e9cution d&#8217;un contrat avec vous<\/li>\r\n \t<li class=\"whitespace-normal break-words\">Nos int\u00e9r\u00eats l\u00e9gitimes<\/li>\r\n \t<li class=\"whitespace-normal break-words\">Le respect de nos obligations l\u00e9gales<\/li>\r\n<\/ul>\r\n<p class=\"whitespace-pre-wrap break-words\"><strong>5. Partage des donn\u00e9es personnelles<\/strong><\/p>\r\n<p class=\"whitespace-pre-wrap break-words\">Nous ne vendons pas vos donn\u00e9es personnelles. Nous pouvons les partager avec :<\/p>\r\n\r\n<ul class=\"-mt-1 list-disc space-y-2 pl-8\">\r\n \t<li class=\"whitespace-normal break-words\">Nos sous-traitants (h\u00e9bergeur, fournisseurs de services IT)<\/li>\r\n \t<li class=\"whitespace-normal break-words\">Les autorit\u00e9s publiques si la loi l&#8217;exige<\/li>\r\n<\/ul>\r\n<p class=\"whitespace-pre-wrap break-words\"><strong>6. Transfert hors UE<\/strong><\/p>\r\n<p class=\"whitespace-pre-wrap break-words\">Nous nous effor\u00e7ons de garder vos donn\u00e9es au sein de l&#8217;Union Europ\u00e9enne. Si un transfert hors UE est n\u00e9cessaire, nous mettrons en place des garanties appropri\u00e9es conform\u00e9ment au RGPD.<\/p>\r\n<p class=\"whitespace-pre-wrap break-words\"><strong>7. Conservation des donn\u00e9es<\/strong><\/p>\r\n<p class=\"whitespace-pre-wrap break-words\">Nous conservons vos donn\u00e9es personnelles aussi longtemps que n\u00e9cessaire pour les finalit\u00e9s mentionn\u00e9es ci-dessus, ou conform\u00e9ment aux exigences l\u00e9gales.<\/p>\r\n<p class=\"whitespace-pre-wrap break-words\"><strong>8. Vos droits<\/strong><\/p>\r\n<p class=\"whitespace-pre-wrap break-words\">Conform\u00e9ment au RGPD, vous avez le droit :<\/p>\r\n\r\n<ul class=\"-mt-1 list-disc space-y-2 pl-8\">\r\n \t<li class=\"whitespace-normal break-words\">D&#8217;acc\u00e9der \u00e0 vos donn\u00e9es personnelles<\/li>\r\n \t<li class=\"whitespace-normal break-words\">De rectifier vos donn\u00e9es personnelles<\/li>\r\n \t<li class=\"whitespace-normal break-words\">D&#8217;effacer vos donn\u00e9es personnelles<\/li>\r\n \t<li class=\"whitespace-normal break-words\">De limiter le traitement de vos donn\u00e9es personnelles<\/li>\r\n \t<li class=\"whitespace-normal break-words\">De vous opposer au traitement de vos donn\u00e9es personnelles<\/li>\r\n \t<li class=\"whitespace-normal break-words\">\u00c0 la portabilit\u00e9 de vos donn\u00e9es personnelles<\/li>\r\n<\/ul>\r\n<p class=\"whitespace-pre-wrap break-words\">Pour exercer ces droits, contactez-nous \u00e0 l&#8217;adresse : <a href=\"mailto:info@plaisir-vert.be\">info@plaisir-vert.be<\/a><\/p>\r\n<p class=\"whitespace-pre-wrap break-words\"><strong>9. S\u00e9curit\u00e9<\/strong><\/p>\r\n<p class=\"whitespace-pre-wrap break-words\">Nous mettons en \u0153uvre des mesures de s\u00e9curit\u00e9 techniques et organisationnelles pour prot\u00e9ger vos donn\u00e9es personnelles contre tout acc\u00e8s non autoris\u00e9, perte ou alt\u00e9ration.<\/p>\r\n<p class=\"whitespace-pre-wrap break-words\"><strong>10. Cookies<\/strong><\/p>\r\n<p class=\"whitespace-pre-wrap break-words\">Notre site web utilise des cookies. Pour plus d&#8217;informations, veuillez consulter notre politique en mati\u00e8re de cookies.<\/p>\r\n<p class=\"whitespace-pre-wrap break-words\"><strong>11. Modifications de la politique de confidentialit\u00e9<\/strong><\/p>\r\n<p class=\"whitespace-pre-wrap break-words\">Nous nous r\u00e9servons le droit de modifier cette politique de confidentialit\u00e9 \u00e0 tout moment. La version la plus r\u00e9cente sera toujours disponible sur notre site web.<\/p>\r\n<p class=\"whitespace-pre-wrap break-words\"><strong>12. Contact<\/strong><\/p>\r\n<p class=\"whitespace-pre-wrap break-words\">Pour toute question concernant cette politique de confidentialit\u00e9 ou le traitement de vos donn\u00e9es personnelles, veuillez nous contacter :<\/p>\r\n<p class=\"whitespace-pre-wrap break-words\">Plaisir Vert Av. Georges Lecointe 50 1180 Uccle Belgique E-mail : <a href=\"mailto:info@plaisir-vert.be\">info@plaisir-vert.be<\/a> T\u00e9l\u00e9phone : 0485 00 13 21<\/p>\r\n<p class=\"whitespace-pre-wrap break-words\"><em>Date de la derni\u00e8re mise \u00e0 jour : 18\/10\/2024<\/em><\/p>\t\t\t\t\t\t\t\t<\/div>\n\t\t\t\t<\/div>\n\t\t\t\t\t<\/div>\n\t\t\t\t<\/div>\n\t\t\t\t<\/div>\n\t\t","protected":false},"excerpt":{"rendered":"<p>1. Introduction Chez Plaisir Vert srl, nous accordons une grande importance \u00e0 la protection de vos donn\u00e9es personnelles. Cette politique de confidentialit\u00e9 explique comment nous collectons, utilisons, partageons et prot\u00e9geons vos informations personnelles conform\u00e9ment au R\u00e8glement G\u00e9n\u00e9ral sur la Protection des Donn\u00e9es (RGPD) et aux lois belges applicables. 2. Collecte des donn\u00e9es personnelles Nous collectons [&hellip;]<\/p>\n","protected":false},"author":1,"featured_media":0,"parent":0,"menu_order":0,"comment_status":"closed","ping_status":"closed","template":"","meta":{"footnotes":""},"class_list":["post-4154","page","type-page","status-publish","hentry"],"yoast_head":"<!-- This site is optimized with the Yoast SEO Premium plugin v23.6 (Yoast SEO v27.1.1) - https:\/\/yoast.com\/product\/yoast-seo-premium-wordpress\/ -->\n<title>Privacy policy - Plaisir Vert<\/title>\n<meta name=\"robots\" content=\"index, follow, max-snippet:-1, max-image-preview:large, max-video-preview:-1\" \/>\n<link rel=\"canonical\" href=\"https:\/\/plaisir-vert.be\/en\/privacy-policy\/\" \/>\n<meta property=\"og:locale\" content=\"en_US\" \/>\n<meta property=\"og:type\" content=\"article\" \/>\n<meta property=\"og:title\" content=\"Privacy policy\" \/>\n<meta property=\"og:description\" content=\"1. Introduction Chez Plaisir Vert srl, nous accordons une grande importance \u00e0 la protection de vos donn\u00e9es personnelles. Cette politique de confidentialit\u00e9 explique comment nous collectons, utilisons, partageons et prot\u00e9geons vos informations personnelles conform\u00e9ment au R\u00e8glement G\u00e9n\u00e9ral sur la Protection des Donn\u00e9es (RGPD) et aux lois belges applicables. 2. Collecte des donn\u00e9es personnelles Nous collectons [&hellip;]\" \/>\n<meta property=\"og:url\" content=\"https:\/\/plaisir-vert.be\/en\/privacy-policy\/\" \/>\n<meta property=\"og:site_name\" content=\"Plaisir Vert\" \/>\n<meta property=\"article:publisher\" content=\"https:\/\/www.facebook.com\/plaisirvert\" \/>\n<meta property=\"article:modified_time\" content=\"2024-11-13T08:24:54+00:00\" \/>\n<meta property=\"og:image\" content=\"https:\/\/plaisir-vert.be\/wp-content\/uploads\/2024\/10\/logo-titre-2024-1.png\" \/>\n\t<meta property=\"og:image:width\" content=\"131\" \/>\n\t<meta property=\"og:image:height\" content=\"42\" \/>\n\t<meta property=\"og:image:type\" content=\"image\/png\" \/>\n<meta name=\"twitter:card\" content=\"summary_large_image\" \/>\n<meta name=\"twitter:label1\" content=\"Est. reading time\" \/>\n\t<meta name=\"twitter:data1\" content=\"2 minutes\" \/>\n<script type=\"application\/ld+json\" class=\"yoast-schema-graph\">{\"@context\":\"https:\/\/schema.org\",\"@graph\":[{\"@type\":\"WebPage\",\"@id\":\"https:\/\/plaisir-vert.be\/en\/privacy-policy\/\",\"url\":\"https:\/\/plaisir-vert.be\/en\/privacy-policy\/\",\"name\":\"Privacy policy - Plaisir Vert\",\"isPartOf\":{\"@id\":\"https:\/\/plaisir-vert.be\/en\/#website\"},\"datePublished\":\"2024-10-18T11:00:31+00:00\",\"dateModified\":\"2024-11-13T08:24:54+00:00\",\"breadcrumb\":{\"@id\":\"https:\/\/plaisir-vert.be\/en\/privacy-policy\/#breadcrumb\"},\"inLanguage\":\"en-US\",\"potentialAction\":[{\"@type\":\"ReadAction\",\"target\":[\"https:\/\/plaisir-vert.be\/en\/privacy-policy\/\"]}]},{\"@type\":\"BreadcrumbList\",\"@id\":\"https:\/\/plaisir-vert.be\/en\/privacy-policy\/#breadcrumb\",\"itemListElement\":[{\"@type\":\"ListItem\",\"position\":1,\"name\":\"Home\",\"item\":\"https:\/\/plaisir-vert.be\/en\/\"},{\"@type\":\"ListItem\",\"position\":2,\"name\":\"Privacy policy\"}]},{\"@type\":\"WebSite\",\"@id\":\"https:\/\/plaisir-vert.be\/en\/#website\",\"url\":\"https:\/\/plaisir-vert.be\/en\/\",\"name\":\"Plaisir Vert\",\"description\":\"vos jardiniers paysagiste\",\"publisher\":{\"@id\":\"https:\/\/plaisir-vert.be\/en\/#organization\"},\"potentialAction\":[{\"@type\":\"SearchAction\",\"target\":{\"@type\":\"EntryPoint\",\"urlTemplate\":\"https:\/\/plaisir-vert.be\/en\/?s={search_term_string}\"},\"query-input\":{\"@type\":\"PropertyValueSpecification\",\"valueRequired\":true,\"valueName\":\"search_term_string\"}}],\"inLanguage\":\"en-US\"},{\"@type\":[\"Organization\",\"Place\"],\"@id\":\"https:\/\/plaisir-vert.be\/en\/#organization\",\"name\":\"Plaisir Vert\",\"alternateName\":\"Plaisir Vert\",\"url\":\"https:\/\/plaisir-vert.be\/en\/\",\"logo\":{\"@id\":\"https:\/\/plaisir-vert.be\/en\/privacy-policy\/#local-main-organization-logo\"},\"image\":{\"@id\":\"https:\/\/plaisir-vert.be\/en\/privacy-policy\/#local-main-organization-logo\"},\"sameAs\":[\"https:\/\/www.facebook.com\/plaisirvert\"],\"description\":\"Amenagez un jardin durable et vivant avec nos jardiniers planteurs\",\"address\":{\"@id\":\"https:\/\/plaisir-vert.be\/en\/privacy-policy\/#local-main-place-address\"},\"telephone\":[\"+320485001321\"],\"contactPoint\":{\"@type\":\"ContactPoint\",\"telephone\":\"+320485001321\",\"email\":\"info@plaisir-vert.be\"},\"openingHoursSpecification\":[{\"@type\":\"OpeningHoursSpecification\",\"dayOfWeek\":[\"Monday\",\"Tuesday\",\"Wednesday\",\"Thursday\",\"Friday\",\"Saturday\",\"Sunday\"],\"opens\":\"09:00\",\"closes\":\"17:00\"}],\"email\":\"info@plaisir-vert.be\",\"areaServed\":\"Bruxelles et Wallonie\",\"vatID\":\"BE0765370580\"},{\"@type\":\"PostalAddress\",\"@id\":\"https:\/\/plaisir-vert.be\/en\/privacy-policy\/#local-main-place-address\",\"streetAddress\":\"Av. Georges Lecointe 50\",\"addressLocality\":\"Bruxelles\",\"postalCode\":\"1180\",\"addressRegion\":\"Uccle\",\"addressCountry\":\"BE\"},{\"@type\":\"ImageObject\",\"inLanguage\":\"en-US\",\"@id\":\"https:\/\/plaisir-vert.be\/en\/privacy-policy\/#local-main-organization-logo\",\"url\":\"https:\/\/plaisir-vert.be\/wp-content\/uploads\/2024\/09\/logoPV_2015-copie-11.png\",\"contentUrl\":\"https:\/\/plaisir-vert.be\/wp-content\/uploads\/2024\/09\/logoPV_2015-copie-11.png\",\"width\":336,\"height\":108,\"caption\":\"Plaisir Vert\"}]}<\/script>\n<meta name=\"geo.placename\" content=\"Bruxelles\" \/>\n<meta name=\"geo.region\" content=\"Belgium\" \/>\n<!-- \/ Yoast SEO Premium plugin. -->","yoast_head_json":{"title":"Privacy policy - Plaisir Vert","robots":{"index":"index","follow":"follow","max-snippet":"max-snippet:-1","max-image-preview":"max-image-preview:large","max-video-preview":"max-video-preview:-1"},"canonical":"https:\/\/plaisir-vert.be\/en\/privacy-policy\/","og_locale":"en_US","og_type":"article","og_title":"Privacy policy","og_description":"1. Introduction Chez Plaisir Vert srl, nous accordons une grande importance \u00e0 la protection de vos donn\u00e9es personnelles. Cette politique de confidentialit\u00e9 explique comment nous collectons, utilisons, partageons et prot\u00e9geons vos informations personnelles conform\u00e9ment au R\u00e8glement G\u00e9n\u00e9ral sur la Protection des Donn\u00e9es (RGPD) et aux lois belges applicables. 2. Collecte des donn\u00e9es personnelles Nous collectons [&hellip;]","og_url":"https:\/\/plaisir-vert.be\/en\/privacy-policy\/","og_site_name":"Plaisir Vert","article_publisher":"https:\/\/www.facebook.com\/plaisirvert","article_modified_time":"2024-11-13T08:24:54+00:00","og_image":[{"width":131,"height":42,"url":"https:\/\/plaisir-vert.be\/wp-content\/uploads\/2024\/10\/logo-titre-2024-1.png","type":"image\/png"}],"twitter_card":"summary_large_image","twitter_misc":{"Est. reading time":"2 minutes"},"schema":{"@context":"https:\/\/schema.org","@graph":[{"@type":"WebPage","@id":"https:\/\/plaisir-vert.be\/en\/privacy-policy\/","url":"https:\/\/plaisir-vert.be\/en\/privacy-policy\/","name":"Privacy policy - Plaisir Vert","isPartOf":{"@id":"https:\/\/plaisir-vert.be\/en\/#website"},"datePublished":"2024-10-18T11:00:31+00:00","dateModified":"2024-11-13T08:24:54+00:00","breadcrumb":{"@id":"https:\/\/plaisir-vert.be\/en\/privacy-policy\/#breadcrumb"},"inLanguage":"en-US","potentialAction":[{"@type":"ReadAction","target":["https:\/\/plaisir-vert.be\/en\/privacy-policy\/"]}]},{"@type":"BreadcrumbList","@id":"https:\/\/plaisir-vert.be\/en\/privacy-policy\/#breadcrumb","itemListElement":[{"@type":"ListItem","position":1,"name":"Home","item":"https:\/\/plaisir-vert.be\/en\/"},{"@type":"ListItem","position":2,"name":"Privacy policy"}]},{"@type":"WebSite","@id":"https:\/\/plaisir-vert.be\/en\/#website","url":"https:\/\/plaisir-vert.be\/en\/","name":"Plaisir Vert","description":"vos jardiniers paysagiste","publisher":{"@id":"https:\/\/plaisir-vert.be\/en\/#organization"},"potentialAction":[{"@type":"SearchAction","target":{"@type":"EntryPoint","urlTemplate":"https:\/\/plaisir-vert.be\/en\/?s={search_term_string}"},"query-input":{"@type":"PropertyValueSpecification","valueRequired":true,"valueName":"search_term_string"}}],"inLanguage":"en-US"},{"@type":["Organization","Place"],"@id":"https:\/\/plaisir-vert.be\/en\/#organization","name":"Plaisir Vert","alternateName":"Plaisir Vert","url":"https:\/\/plaisir-vert.be\/en\/","logo":{"@id":"https:\/\/plaisir-vert.be\/en\/privacy-policy\/#local-main-organization-logo"},"image":{"@id":"https:\/\/plaisir-vert.be\/en\/privacy-policy\/#local-main-organization-logo"},"sameAs":["https:\/\/www.facebook.com\/plaisirvert"],"description":"Amenagez un jardin durable et vivant avec nos jardiniers planteurs","address":{"@id":"https:\/\/plaisir-vert.be\/en\/privacy-policy\/#local-main-place-address"},"telephone":["+320485001321"],"contactPoint":{"@type":"ContactPoint","telephone":"+320485001321","email":"info@plaisir-vert.be"},"openingHoursSpecification":[{"@type":"OpeningHoursSpecification","dayOfWeek":["Monday","Tuesday","Wednesday","Thursday","Friday","Saturday","Sunday"],"opens":"09:00","closes":"17:00"}],"email":"info@plaisir-vert.be","areaServed":"Bruxelles et Wallonie","vatID":"BE0765370580"},{"@type":"PostalAddress","@id":"https:\/\/plaisir-vert.be\/en\/privacy-policy\/#local-main-place-address","streetAddress":"Av. Georges Lecointe 50","addressLocality":"Bruxelles","postalCode":"1180","addressRegion":"Uccle","addressCountry":"BE"},{"@type":"ImageObject","inLanguage":"en-US","@id":"https:\/\/plaisir-vert.be\/en\/privacy-policy\/#local-main-organization-logo","url":"https:\/\/plaisir-vert.be\/wp-content\/uploads\/2024\/09\/logoPV_2015-copie-11.png","contentUrl":"https:\/\/plaisir-vert.be\/wp-content\/uploads\/2024\/09\/logoPV_2015-copie-11.png","width":336,"height":108,"caption":"Plaisir Vert"}]},"geo.placename":"Bruxelles","geo.region":"Belgium"},"_links":{"self":[{"href":"https:\/\/plaisir-vert.be\/en\/wp-json\/wp\/v2\/pages\/4154","targetHints":{"allow":["GET"]}}],"collection":[{"href":"https:\/\/plaisir-vert.be\/en\/wp-json\/wp\/v2\/pages"}],"about":[{"href":"https:\/\/plaisir-vert.be\/en\/wp-json\/wp\/v2\/types\/page"}],"author":[{"embeddable":true,"href":"https:\/\/plaisir-vert.be\/en\/wp-json\/wp\/v2\/users\/1"}],"replies":[{"embeddable":true,"href":"https:\/\/plaisir-vert.be\/en\/wp-json\/wp\/v2\/comments?post=4154"}],"version-history":[{"count":2,"href":"https:\/\/plaisir-vert.be\/en\/wp-json\/wp\/v2\/pages\/4154\/revisions"}],"predecessor-version":[{"id":5312,"href":"https:\/\/plaisir-vert.be\/en\/wp-json\/wp\/v2\/pages\/4154\/revisions\/5312"}],"wp:attachment":[{"href":"https:\/\/plaisir-vert.be\/en\/wp-json\/wp\/v2\/media?parent=4154"}],"curies":[{"name":"wp","href":"https:\/\/api.w.org\/{rel}","templated":true}]}}